{"id":9,"date":"2021-10-16T17:23:24","date_gmt":"2021-10-16T17:23:24","guid":{"rendered":"http:\/\/immo-allrounder.biz\/?page_id=9"},"modified":"2021-11-18T20:30:28","modified_gmt":"2021-11-18T20:30:28","slug":"start","status":"publish","type":"page","link":"https:\/\/immo-allrounder.biz\/","title":{"rendered":"Start"},"content":{"rendered":"<h2 style=\"text-align: center;\">Service rund ums Haus<\/h2>\n<p style=\"text-align: center;\">\n<p>Sie suchen eine freundliche Hausverwaltung f\u00fcr Ihre Mieter, bei der Sie nicht im Stich gelassen werden? Sie \u00e4rgern sich, dass kaum noch jemand zuh\u00f6ren kann? Sie suchen einen kompetenten, flei\u00dfigen und vor allem grundehrlichen Partner f\u00fcr Ihre Nebenkostenabrechnung? Sie haben kleine Reparaturen, f\u00fcr die die Handwerksfirmen kein Interesse haben? Sie ben\u00f6tigen Hilfe bei der Immobiliensuche und kommen nicht weiter?<\/p>\n","protected":false},"excerpt":{"rendered":"<p>Service rund ums Haus Sie suchen eine freundliche Hausverwaltung f\u00fcr Ihre Mieter, bei der Sie nicht im Stich gelassen werden? Sie \u00e4rgern sich, dass kaum noch jemand zuh\u00f6ren kann? Sie suchen einen kompetenten, flei\u00dfigen und vor allem grundehrlichen Partner f\u00fcr Ihre Nebenkostenabrechnung? Sie haben kleine Reparaturen, f\u00fcr die die Handwerksfirmen kein Interesse haben? Sie ben\u00f6tigen [&hellip;]<\/p>\n","protected":false},"author":1,"featured_media":0,"parent":0,"menu_order":0,"comment_status":"closed","ping_status":"closed","template":"","meta":{"footnotes":""},"class_list":["post-9","page","type-page","status-publish","hentry"],"_links":{"self":[{"href":"https:\/\/immo-allrounder.biz\/index.php?rest_route=\/wp\/v2\/pages\/9","targetHints":{"allow":["GET"]}}],"collection":[{"href":"https:\/\/immo-allrounder.biz\/index.php?rest_route=\/wp\/v2\/pages"}],"about":[{"href":"https:\/\/immo-allrounder.biz\/index.php?rest_route=\/wp\/v2\/types\/page"}],"author":[{"embeddable":true,"href":"https:\/\/immo-allrounder.biz\/index.php?rest_route=\/wp\/v2\/users\/1"}],"replies":[{"embeddable":true,"href":"https:\/\/immo-allrounder.biz\/index.php?rest_route=%2Fwp%2Fv2%2Fcomments&post=9"}],"version-history":[{"count":13,"href":"https:\/\/immo-allrounder.biz\/index.php?rest_route=\/wp\/v2\/pages\/9\/revisions"}],"predecessor-version":[{"id":149,"href":"https:\/\/immo-allrounder.biz\/index.php?rest_route=\/wp\/v2\/pages\/9\/revisions\/149"}],"wp:attachment":[{"href":"https:\/\/immo-allrounder.biz\/index.php?rest_route=%2Fwp%2Fv2%2Fmedia&parent=9"}],"curies":[{"name":"wp","href":"https:\/\/api.w.org\/{rel}","templated":true}]}}